{"id":433,"date":"2026-04-02T04:04:18","date_gmt":"2026-04-02T04:04:18","guid":{"rendered":"https:\/\/hipurity.com.vn\/?post_type=product&#038;p=433"},"modified":"2026-04-17T05:50:34","modified_gmt":"2026-04-17T05:50:34","slug":"hipurity-repairing-b5-panthenol-serum","status":"publish","type":"product","link":"https:\/\/hipurity.com.vn\/?product=hipurity-repairing-b5-panthenol-serum","title":{"rendered":"HiPURITY Repairing B5 Panthenol Serum\u200b"},"content":{"rendered":"<div class=\"elementor-element elementor-element-e6567d0 elementor-widget elementor-widget-text-editor\" data-id=\"e6567d0\" data-element_type=\"widget\" data-e-type=\"widget\" data-widget_type=\"text-editor.default\" data-cur=\"cursor\">\n<p data-start=\"1742\" data-end=\"1968\" data-cur=\"cursor\"><strong data-cur=\"cursor\">HiPURITY Repairing B5 Panthenol Serum<\/strong>\u00a0l\u00e0 tinh ch\u1ea5t ph\u1ee5c h\u1ed3i chuy\u00ean s\u00e2u v\u1edbi s\u1ef1 k\u1ebft h\u1ee3p c\u1ee7a\u00a0<strong data-start=\"1832\" data-end=\"1868\" data-cur=\"cursor\">Vitamin B5 Panthenol v\u00e0 Ceramide<\/strong>, gi\u00fap c\u1ee7ng c\u1ed1 h\u00e0ng r\u00e0o b\u1ea3o v\u1ec7 da, l\u00e0m d\u1ecbu k\u00edch \u1ee9ng v\u00e0 c\u1ea5p \u1ea9m hi\u1ec7u qu\u1ea3 cho l\u00e0n da kh\u00f4 y\u1ebfu, nh\u1ea1y c\u1ea3m.<\/p>\n<p data-start=\"1970\" data-end=\"2172\" data-cur=\"cursor\">S\u1ea3n ph\u1ea9m c\u00f2n ch\u1ee9a\u00a0<strong data-start=\"1988\" data-end=\"2057\" data-cur=\"cursor\">Bifida Ferment, Niacinamide, Hyaluronic Acid v\u00e0 Andiroba Seed Oil<\/strong>, h\u1ed7 tr\u1ee3 ph\u1ee5c h\u1ed3i da t\u1ed5n th\u01b0\u01a1ng, gi\u1ea3m \u0111\u1ecf, t\u0103ng \u0111\u1ed9 \u1ea9m, c\u1ea3i thi\u1ec7n b\u1ec1 m\u1eb7t da v\u00e0 mang l\u1ea1i l\u00e0n da kh\u1ecfe h\u01a1n t\u1eeb b\u00ean trong.<\/p>\n<p data-start=\"2174\" data-end=\"2307\" data-cur=\"cursor\">\u1ee8ng d\u1ee5ng\u00a0<strong data-start=\"2183\" data-end=\"2205\" data-cur=\"cursor\">c\u00f4ng ngh\u1ec7 Liposome<\/strong>\u00a0gi\u00fap t\u0103ng kh\u1ea3 n\u0103ng h\u1ea5p th\u1ee5 d\u01b0\u1ee1ng ch\u1ea5t, h\u1ed7 tr\u1ee3 \u0111\u01b0a ho\u1ea1t ch\u1ea5t th\u1ea9m th\u1ea5u t\u1ed1t h\u01a1n, b\u1ec1n h\u01a1n v\u00e0 d\u1ecbu da h\u01a1n.<\/p>\n<p data-start=\"2309\" data-end=\"2328\" data-cur=\"cursor\"><strong data-start=\"2309\" data-end=\"2323\">Dung t\u00edch:<\/strong>\u00a050ml<\/p>\n<p data-start=\"2330\" data-end=\"2449\" data-cur=\"cursor\"><strong data-start=\"2330\" data-end=\"2353\">Th\u00e0nh ph\u1ea7n n\u1ed5i b\u1eadt:<\/strong>\u00a0Vitamin B5 Panthenol, Ceramide, Bifida Ferment, Niacinamide, Hyaluronic Acid, Andiroba Seed Oil<\/p>\n<p data-start=\"2451\" data-end=\"2595\" data-cur=\"cursor\"><strong data-start=\"2451\" data-end=\"2464\">D\u00e0nh cho:<\/strong>\u00a0T\u1ea5t c\u1ea3 m\u1ecdi lo\u1ea1i da, \u0111\u1eb7c bi\u1ec7t l\u00e0 da kh\u00f4, da nh\u1ea1y c\u1ea3m, da sau m\u1ee5n, da k\u00edch \u1ee9ng, da c\u00f3 h\u00e0ng r\u00e0o b\u1ea3o v\u1ec7 suy y\u1ebfu ho\u1eb7c da sau treatment.<\/p>\n<p data-start=\"2597\" data-end=\"2716\" data-cur=\"cursor\"><strong data-start=\"2597\" data-end=\"2627\">C\u1ea3m gi\u00e1c khi apply l\u00ean da:<\/strong> D\u1ea1ng l\u1ecfng m\u1ecfng nh\u1eb9, th\u1ea5m nhanh, kh\u00f4ng nh\u1eddn r\u00edt, da m\u1ec1m h\u01a1n v\u00e0 d\u1ecbu h\u01a1n ngay sau khi thoa.<\/p>\n<\/div>\n","protected":false},"excerpt":{"rendered":"<p>HiPURITY Repairing B5 Panthenol Serum\u00a0l\u00e0 tinh ch\u1ea5t ph\u1ee5c h\u1ed3i chuy\u00ean s\u00e2u v\u1edbi s\u1ef1 k\u1ebft h\u1ee3p c\u1ee7a\u00a0Vitamin B5 Panthenol v\u00e0 Ceramide, gi\u00fap c\u1ee7ng c\u1ed1 h\u00e0ng r\u00e0o b\u1ea3o v\u1ec7 da, l\u00e0m d\u1ecbu k\u00edch \u1ee9ng v\u00e0 c\u1ea5p \u1ea9m hi\u1ec7u qu\u1ea3 cho l\u00e0n da kh\u00f4 y\u1ebfu, nh\u1ea1y c\u1ea3m. S\u1ea3n ph\u1ea9m c\u00f2n ch\u1ee9a\u00a0Bifida Ferment, Niacinamide, Hyaluronic Acid v\u00e0 Andiroba Seed [&hellip;]<\/p>\n","protected":false},"featured_media":503,"comment_status":"open","ping_status":"closed","template":"","meta":{"_uag_custom_page_level_css":""},"product_brand":[],"product_cat":[27],"product_tag":[],"class_list":{"0":"post-433","1":"product","2":"type-product","3":"status-publish","4":"has-post-thumbnail","6":"product_cat-serum","8":"first","9":"instock","10":"shipping-taxable","11":"purchasable","12":"product-type-simple"},"yoast_head":"<!-- This site is optimized with the Yoast SEO plugin v27.3 - https:\/\/yoast.com\/product\/yoast-seo-wordpress\/ -->\n<title>HiPURITY Repairing B5 Panthenol Serum\u200b - HiPURITY<\/title>\n<meta name=\"robots\" content=\"index, follow, max-snippet:-1, max-image-preview:large, max-video-preview:-1\" \/>\n<link rel=\"canonical\" href=\"https:\/\/hipurity.com.vn\/?product=hipurity-repairing-b5-panthenol-serum\" \/>\n<meta property=\"og:locale\" content=\"en_US\" \/>\n<meta property=\"og:type\" content=\"article\" \/>\n<meta property=\"og:title\" content=\"HiPURITY Repairing B5 Panthenol Serum\u200b - HiPURITY\" \/>\n<meta property=\"og:description\" content=\"HiPURITY Repairing B5 Panthenol Serum\u00a0l\u00e0 tinh ch\u1ea5t ph\u1ee5c h\u1ed3i chuy\u00ean s\u00e2u v\u1edbi s\u1ef1 k\u1ebft h\u1ee3p c\u1ee7a\u00a0Vitamin B5 Panthenol v\u00e0 Ceramide, gi\u00fap c\u1ee7ng c\u1ed1 h\u00e0ng r\u00e0o b\u1ea3o v\u1ec7 da, l\u00e0m d\u1ecbu k\u00edch \u1ee9ng v\u00e0 c\u1ea5p \u1ea9m hi\u1ec7u qu\u1ea3 cho l\u00e0n da kh\u00f4 y\u1ebfu, nh\u1ea1y c\u1ea3m. S\u1ea3n ph\u1ea9m c\u00f2n ch\u1ee9a\u00a0Bifida Ferment, Niacinamide, Hyaluronic Acid v\u00e0 Andiroba Seed [&hellip;]\" \/>\n<meta property=\"og:url\" content=\"https:\/\/hipurity.com.vn\/?product=hipurity-repairing-b5-panthenol-serum\" \/>\n<meta property=\"og:site_name\" content=\"HiPURITY\" \/>\n<meta property=\"article:modified_time\" content=\"2026-04-17T05:50:34+00:00\" \/>\n<meta property=\"og:image\" content=\"https:\/\/hipurity.com.vn\/wp-content\/uploads\/2026\/04\/IMG_4894-1-683x1024.png\" \/>\n\t<meta property=\"og:image:width\" content=\"683\" \/>\n\t<meta property=\"og:image:height\" content=\"1024\" \/>\n\t<meta property=\"og:image:type\" content=\"image\/png\" \/>\n<meta name=\"twitter:card\" content=\"summary_large_image\" \/>\n<meta name=\"twitter:label1\" content=\"Est. reading time\" \/>\n\t<meta name=\"twitter:data1\" content=\"2 minutes\" \/>\n<script type=\"application\/ld+json\" class=\"yoast-schema-graph\">{\"@context\":\"https:\\\/\\\/schema.org\",\"@graph\":[{\"@type\":\"WebPage\",\"@id\":\"https:\\\/\\\/hipurity.com.vn\\\/?product=hipurity-repairing-b5-panthenol-serum\",\"url\":\"https:\\\/\\\/hipurity.com.vn\\\/?product=hipurity-repairing-b5-panthenol-serum\",\"name\":\"HiPURITY Repairing B5 Panthenol Serum\u200b - HiPURITY\",\"isPartOf\":{\"@id\":\"https:\\\/\\\/hipurity.com.vn\\\/#website\"},\"primaryImageOfPage\":{\"@id\":\"https:\\\/\\\/hipurity.com.vn\\\/?product=hipurity-repairing-b5-panthenol-serum#primaryimage\"},\"image\":{\"@id\":\"https:\\\/\\\/hipurity.com.vn\\\/?product=hipurity-repairing-b5-panthenol-serum#primaryimage\"},\"thumbnailUrl\":\"https:\\\/\\\/hipurity.com.vn\\\/wp-content\\\/uploads\\\/2026\\\/04\\\/IMG_4894-1-scaled.png\",\"datePublished\":\"2026-04-02T04:04:18+00:00\",\"dateModified\":\"2026-04-17T05:50:34+00:00\",\"breadcrumb\":{\"@id\":\"https:\\\/\\\/hipurity.com.vn\\\/?product=hipurity-repairing-b5-panthenol-serum#breadcrumb\"},\"inLanguage\":\"en-US\",\"potentialAction\":[{\"@type\":\"ReadAction\",\"target\":[\"https:\\\/\\\/hipurity.com.vn\\\/?product=hipurity-repairing-b5-panthenol-serum\"]}]},{\"@type\":\"ImageObject\",\"inLanguage\":\"en-US\",\"@id\":\"https:\\\/\\\/hipurity.com.vn\\\/?product=hipurity-repairing-b5-panthenol-serum#primaryimage\",\"url\":\"https:\\\/\\\/hipurity.com.vn\\\/wp-content\\\/uploads\\\/2026\\\/04\\\/IMG_4894-1-scaled.png\",\"contentUrl\":\"https:\\\/\\\/hipurity.com.vn\\\/wp-content\\\/uploads\\\/2026\\\/04\\\/IMG_4894-1-scaled.png\",\"width\":1707,\"height\":2560},{\"@type\":\"BreadcrumbList\",\"@id\":\"https:\\\/\\\/hipurity.com.vn\\\/?product=hipurity-repairing-b5-panthenol-serum#breadcrumb\",\"itemListElement\":[{\"@type\":\"ListItem\",\"position\":1,\"name\":\"Home\",\"item\":\"https:\\\/\\\/hipurity.com.vn\\\/\"},{\"@type\":\"ListItem\",\"position\":2,\"name\":\"S\u1ea2N PH\u1ea8M\",\"item\":\"https:\\\/\\\/hipurity.com.vn\\\/?page_id=403\"},{\"@type\":\"ListItem\",\"position\":3,\"name\":\"HiPURITY Repairing B5 Panthenol Serum\u200b\"}]},{\"@type\":\"WebSite\",\"@id\":\"https:\\\/\\\/hipurity.com.vn\\\/#website\",\"url\":\"https:\\\/\\\/hipurity.com.vn\\\/\",\"name\":\"HiPURITY\",\"description\":\"\",\"potentialAction\":[{\"@type\":\"SearchAction\",\"target\":{\"@type\":\"EntryPoint\",\"urlTemplate\":\"https:\\\/\\\/hipurity.com.vn\\\/?s={search_term_string}\"},\"query-input\":{\"@type\":\"PropertyValueSpecification\",\"valueRequired\":true,\"valueName\":\"search_term_string\"}}],\"inLanguage\":\"en-US\"}]}<\/script>\n<!-- \/ Yoast SEO plugin. -->","yoast_head_json":{"title":"HiPURITY Repairing B5 Panthenol Serum\u200b - HiPURITY","robots":{"index":"index","follow":"follow","max-snippet":"max-snippet:-1","max-image-preview":"max-image-preview:large","max-video-preview":"max-video-preview:-1"},"canonical":"https:\/\/hipurity.com.vn\/?product=hipurity-repairing-b5-panthenol-serum","og_locale":"en_US","og_type":"article","og_title":"HiPURITY Repairing B5 Panthenol Serum\u200b - HiPURITY","og_description":"HiPURITY Repairing B5 Panthenol Serum\u00a0l\u00e0 tinh ch\u1ea5t ph\u1ee5c h\u1ed3i chuy\u00ean s\u00e2u v\u1edbi s\u1ef1 k\u1ebft h\u1ee3p c\u1ee7a\u00a0Vitamin B5 Panthenol v\u00e0 Ceramide, gi\u00fap c\u1ee7ng c\u1ed1 h\u00e0ng r\u00e0o b\u1ea3o v\u1ec7 da, l\u00e0m d\u1ecbu k\u00edch \u1ee9ng v\u00e0 c\u1ea5p \u1ea9m hi\u1ec7u qu\u1ea3 cho l\u00e0n da kh\u00f4 y\u1ebfu, nh\u1ea1y c\u1ea3m. S\u1ea3n ph\u1ea9m c\u00f2n ch\u1ee9a\u00a0Bifida Ferment, Niacinamide, Hyaluronic Acid v\u00e0 Andiroba Seed [&hellip;]","og_url":"https:\/\/hipurity.com.vn\/?product=hipurity-repairing-b5-panthenol-serum","og_site_name":"HiPURITY","article_modified_time":"2026-04-17T05:50:34+00:00","og_image":[{"width":683,"height":1024,"url":"https:\/\/hipurity.com.vn\/wp-content\/uploads\/2026\/04\/IMG_4894-1-683x1024.png","type":"image\/png"}],"twitter_card":"summary_large_image","twitter_misc":{"Est. reading time":"2 minutes"},"schema":{"@context":"https:\/\/schema.org","@graph":[{"@type":"WebPage","@id":"https:\/\/hipurity.com.vn\/?product=hipurity-repairing-b5-panthenol-serum","url":"https:\/\/hipurity.com.vn\/?product=hipurity-repairing-b5-panthenol-serum","name":"HiPURITY Repairing B5 Panthenol Serum\u200b - HiPURITY","isPartOf":{"@id":"https:\/\/hipurity.com.vn\/#website"},"primaryImageOfPage":{"@id":"https:\/\/hipurity.com.vn\/?product=hipurity-repairing-b5-panthenol-serum#primaryimage"},"image":{"@id":"https:\/\/hipurity.com.vn\/?product=hipurity-repairing-b5-panthenol-serum#primaryimage"},"thumbnailUrl":"https:\/\/hipurity.com.vn\/wp-content\/uploads\/2026\/04\/IMG_4894-1-scaled.png","datePublished":"2026-04-02T04:04:18+00:00","dateModified":"2026-04-17T05:50:34+00:00","breadcrumb":{"@id":"https:\/\/hipurity.com.vn\/?product=hipurity-repairing-b5-panthenol-serum#breadcrumb"},"inLanguage":"en-US","potentialAction":[{"@type":"ReadAction","target":["https:\/\/hipurity.com.vn\/?product=hipurity-repairing-b5-panthenol-serum"]}]},{"@type":"ImageObject","inLanguage":"en-US","@id":"https:\/\/hipurity.com.vn\/?product=hipurity-repairing-b5-panthenol-serum#primaryimage","url":"https:\/\/hipurity.com.vn\/wp-content\/uploads\/2026\/04\/IMG_4894-1-scaled.png","contentUrl":"https:\/\/hipurity.com.vn\/wp-content\/uploads\/2026\/04\/IMG_4894-1-scaled.png","width":1707,"height":2560},{"@type":"BreadcrumbList","@id":"https:\/\/hipurity.com.vn\/?product=hipurity-repairing-b5-panthenol-serum#breadcrumb","itemListElement":[{"@type":"ListItem","position":1,"name":"Home","item":"https:\/\/hipurity.com.vn\/"},{"@type":"ListItem","position":2,"name":"S\u1ea2N PH\u1ea8M","item":"https:\/\/hipurity.com.vn\/?page_id=403"},{"@type":"ListItem","position":3,"name":"HiPURITY Repairing B5 Panthenol Serum\u200b"}]},{"@type":"WebSite","@id":"https:\/\/hipurity.com.vn\/#website","url":"https:\/\/hipurity.com.vn\/","name":"HiPURITY","description":"","potentialAction":[{"@type":"SearchAction","target":{"@type":"EntryPoint","urlTemplate":"https:\/\/hipurity.com.vn\/?s={search_term_string}"},"query-input":{"@type":"PropertyValueSpecification","valueRequired":true,"valueName":"search_term_string"}}],"inLanguage":"en-US"}]}},"uagb_featured_image_src":{"full":["https:\/\/hipurity.com.vn\/wp-content\/uploads\/2026\/04\/IMG_4894-1-scaled.png",1707,2560,false],"thumbnail":["https:\/\/hipurity.com.vn\/wp-content\/uploads\/2026\/04\/IMG_4894-1-150x150.png",150,150,true],"medium":["https:\/\/hipurity.com.vn\/wp-content\/uploads\/2026\/04\/IMG_4894-1-200x300.png",200,300,true],"medium_large":["https:\/\/hipurity.com.vn\/wp-content\/uploads\/2026\/04\/IMG_4894-1-768x1152.png",768,1152,true],"large":["https:\/\/hipurity.com.vn\/wp-content\/uploads\/2026\/04\/IMG_4894-1-683x1024.png",683,1024,true],"1536x1536":["https:\/\/hipurity.com.vn\/wp-content\/uploads\/2026\/04\/IMG_4894-1-1024x1536.png",1024,1536,true],"2048x2048":["https:\/\/hipurity.com.vn\/wp-content\/uploads\/2026\/04\/IMG_4894-1-1365x2048.png",1365,2048,true],"woocommerce_thumbnail":["https:\/\/hipurity.com.vn\/wp-content\/uploads\/2026\/04\/IMG_4894-1-300x300.png",300,300,true],"woocommerce_single":["https:\/\/hipurity.com.vn\/wp-content\/uploads\/2026\/04\/IMG_4894-1-600x900.png",600,900,true],"woocommerce_gallery_thumbnail":["https:\/\/hipurity.com.vn\/wp-content\/uploads\/2026\/04\/IMG_4894-1-100x100.png",100,100,true]},"uagb_author_info":{"display_name":"ngothiutluan","author_link":"https:\/\/hipurity.com.vn\/?author=0"},"uagb_comment_info":0,"uagb_excerpt":"HiPURITY Repairing B5 Panthenol Serum\u00a0l\u00e0 tinh ch\u1ea5t ph\u1ee5c h\u1ed3i chuy\u00ean s\u00e2u v\u1edbi s\u1ef1 k\u1ebft h\u1ee3p c\u1ee7a\u00a0Vitamin B5 Panthenol v\u00e0 Ceramide, gi\u00fap c\u1ee7ng c\u1ed1 h\u00e0ng r\u00e0o b\u1ea3o v\u1ec7 da, l\u00e0m d\u1ecbu k\u00edch \u1ee9ng v\u00e0 c\u1ea5p \u1ea9m hi\u1ec7u qu\u1ea3 cho l\u00e0n da kh\u00f4 y\u1ebfu, nh\u1ea1y c\u1ea3m. S\u1ea3n ph\u1ea9m c\u00f2n ch\u1ee9a\u00a0Bifida Ferment, Niacinamide, Hyaluronic Acid v\u00e0 Andiroba Seed&hellip;","_links":{"self":[{"href":"https:\/\/hipurity.com.vn\/index.php?rest_route=\/wp\/v2\/product\/433","targetHints":{"allow":["GET"]}}],"collection":[{"href":"https:\/\/hipurity.com.vn\/index.php?rest_route=\/wp\/v2\/product"}],"about":[{"href":"https:\/\/hipurity.com.vn\/index.php?rest_route=\/wp\/v2\/types\/product"}],"replies":[{"embeddable":true,"href":"https:\/\/hipurity.com.vn\/index.php?rest_route=%2Fwp%2Fv2%2Fcomments&post=433"}],"wp:featuredmedia":[{"embeddable":true,"href":"https:\/\/hipurity.com.vn\/index.php?rest_route=\/wp\/v2\/media\/503"}],"wp:attachment":[{"href":"https:\/\/hipurity.com.vn\/index.php?rest_route=%2Fwp%2Fv2%2Fmedia&parent=433"}],"wp:term":[{"taxonomy":"product_brand","embeddable":true,"href":"https:\/\/hipurity.com.vn\/index.php?rest_route=%2Fwp%2Fv2%2Fproduct_brand&post=433"},{"taxonomy":"product_cat","embeddable":true,"href":"https:\/\/hipurity.com.vn\/index.php?rest_route=%2Fwp%2Fv2%2Fproduct_cat&post=433"},{"taxonomy":"product_tag","embeddable":true,"href":"https:\/\/hipurity.com.vn\/index.php?rest_route=%2Fwp%2Fv2%2Fproduct_tag&post=433"}],"curies":[{"name":"wp","href":"https:\/\/api.w.org\/{rel}","templated":true}]}}